{"id":1882,"date":"2021-01-07T10:38:12","date_gmt":"2021-01-07T15:38:12","guid":{"rendered":"http:\/\/nos.shany.ca\/a-propos\/"},"modified":"2023-03-08T15:12:28","modified_gmt":"2023-03-08T20:12:28","slug":"about","status":"publish","type":"page","link":"https:\/\/n-o-s.ca\/en\/about\/","title":{"rendered":"About"},"content":{"rendered":"","protected":false},"excerpt":{"rendered":"<p> [&#8230;]<\/p>\n<p><a class=\"btn btn-secondary understrap-read-more-link\" href=\"https:\/\/n-o-s.ca\/en\/about\/\">Read More&#8230;<\/a><\/p>\n","protected":false},"author":1,"featured_media":0,"parent":0,"menu_order":0,"comment_status":"closed","ping_status":"closed","template":"page-templates\/tmpl_about.php","meta":{"_acf_changed":false,"footnotes":""},"class_list":["post-1882","page","type-page","status-publish","hentry"],"acf":[],"yoast_head":"<!-- This site is optimized with the Yoast SEO plugin v22.8 - https:\/\/yoast.com\/wordpress\/plugins\/seo\/ -->\n<title>About - N\u00d3S Architectes - Firme d&#039;architecture \u00e0 Montr\u00e9al<\/title>\n<meta name=\"description\" content=\"N\u00d3S is an architecture and urban design firm from Montreal bringing together creative professionals to imagine the cities of the future.\" \/>\n<meta name=\"robots\" content=\"index, follow, max-snippet:-1, max-image-preview:large, max-video-preview:-1\" \/>\n<link rel=\"canonical\" href=\"https:\/\/n-o-s.ca\/en\/about\/\" \/>\n<meta property=\"og:locale\" content=\"en_US\" \/>\n<meta property=\"og:type\" content=\"article\" \/>\n<meta property=\"og:title\" content=\"About - N\u00d3S Architectes - Firme d&#039;architecture \u00e0 Montr\u00e9al\" \/>\n<meta property=\"og:description\" content=\"N\u00d3S is an architecture and urban design firm from Montreal bringing together creative professionals to imagine the cities of the future.\" \/>\n<meta property=\"og:url\" content=\"https:\/\/n-o-s.ca\/en\/about\/\" \/>\n<meta property=\"og:site_name\" content=\"N\u00d3S Architectes - Firme d&#039;architecture \u00e0 Montr\u00e9al\" \/>\n<meta property=\"article:modified_time\" content=\"2023-03-08T20:12:28+00:00\" \/>\n<meta name=\"twitter:card\" content=\"summary_large_image\" \/>\n<script type=\"application\/ld+json\" class=\"yoast-schema-graph\">{\"@context\":\"https:\/\/schema.org\",\"@graph\":[{\"@type\":\"WebPage\",\"@id\":\"https:\/\/n-o-s.ca\/en\/about\/\",\"url\":\"https:\/\/n-o-s.ca\/en\/about\/\",\"name\":\"About - N\u00d3S Architectes - Firme d&#039;architecture \u00e0 Montr\u00e9al\",\"isPartOf\":{\"@id\":\"https:\/\/nos.shany.ca\/#website\"},\"datePublished\":\"2021-01-07T15:38:12+00:00\",\"dateModified\":\"2023-03-08T20:12:28+00:00\",\"description\":\"N\u00d3S is an architecture and urban design firm from Montreal bringing together creative professionals to imagine the cities of the future.\",\"breadcrumb\":{\"@id\":\"https:\/\/n-o-s.ca\/en\/about\/#breadcrumb\"},\"inLanguage\":\"en-US\",\"potentialAction\":[{\"@type\":\"ReadAction\",\"target\":[\"https:\/\/n-o-s.ca\/en\/about\/\"]}]},{\"@type\":\"BreadcrumbList\",\"@id\":\"https:\/\/n-o-s.ca\/en\/about\/#breadcrumb\",\"itemListElement\":[{\"@type\":\"ListItem\",\"position\":1,\"name\":\"Accueil\",\"item\":\"https:\/\/n-o-s.ca\/en\/\"},{\"@type\":\"ListItem\",\"position\":2,\"name\":\"About\"}]},{\"@type\":\"WebSite\",\"@id\":\"https:\/\/nos.shany.ca\/#website\",\"url\":\"https:\/\/nos.shany.ca\/\",\"name\":\"N\u00d3S Architectes - Firme d&#039;architecture \u00e0 Montr\u00e9al\",\"description\":\"\",\"publisher\":{\"@id\":\"https:\/\/nos.shany.ca\/#organization\"},\"potentialAction\":[{\"@type\":\"SearchAction\",\"target\":{\"@type\":\"EntryPoint\",\"urlTemplate\":\"https:\/\/nos.shany.ca\/?s={search_term_string}\"},\"query-input\":\"required name=search_term_string\"}],\"inLanguage\":\"en-US\"},{\"@type\":\"Organization\",\"@id\":\"https:\/\/nos.shany.ca\/#organization\",\"name\":\"N\u00d3S Architectes - Firme d&#039;architecture \u00e0 Montr\u00e9al\",\"url\":\"https:\/\/nos.shany.ca\/\",\"logo\":{\"@type\":\"ImageObject\",\"inLanguage\":\"en-US\",\"@id\":\"https:\/\/nos.shany.ca\/#\/schema\/logo\/image\/\",\"url\":\"https:\/\/n-o-s.ca\/wp-content\/uploads\/2021\/01\/nos-logo_black.svg\",\"contentUrl\":\"https:\/\/n-o-s.ca\/wp-content\/uploads\/2021\/01\/nos-logo_black.svg\",\"width\":802,\"height\":422,\"caption\":\"N\u00d3S Architectes - Firme d&#039;architecture \u00e0 Montr\u00e9al\"},\"image\":{\"@id\":\"https:\/\/nos.shany.ca\/#\/schema\/logo\/image\/\"}}]}<\/script>\n<!-- \/ Yoast SEO plugin. -->","yoast_head_json":{"title":"About - N\u00d3S Architectes - Firme d&#039;architecture \u00e0 Montr\u00e9al","description":"N\u00d3S is an architecture and urban design firm from Montreal bringing together creative professionals to imagine the cities of the future.","robots":{"index":"index","follow":"follow","max-snippet":"max-snippet:-1","max-image-preview":"max-image-preview:large","max-video-preview":"max-video-preview:-1"},"canonical":"https:\/\/n-o-s.ca\/en\/about\/","og_locale":"en_US","og_type":"article","og_title":"About - N\u00d3S Architectes - Firme d&#039;architecture \u00e0 Montr\u00e9al","og_description":"N\u00d3S is an architecture and urban design firm from Montreal bringing together creative professionals to imagine the cities of the future.","og_url":"https:\/\/n-o-s.ca\/en\/about\/","og_site_name":"N\u00d3S Architectes - Firme d&#039;architecture \u00e0 Montr\u00e9al","article_modified_time":"2023-03-08T20:12:28+00:00","twitter_card":"summary_large_image","schema":{"@context":"https:\/\/schema.org","@graph":[{"@type":"WebPage","@id":"https:\/\/n-o-s.ca\/en\/about\/","url":"https:\/\/n-o-s.ca\/en\/about\/","name":"About - N\u00d3S Architectes - Firme d&#039;architecture \u00e0 Montr\u00e9al","isPartOf":{"@id":"https:\/\/nos.shany.ca\/#website"},"datePublished":"2021-01-07T15:38:12+00:00","dateModified":"2023-03-08T20:12:28+00:00","description":"N\u00d3S is an architecture and urban design firm from Montreal bringing together creative professionals to imagine the cities of the future.","breadcrumb":{"@id":"https:\/\/n-o-s.ca\/en\/about\/#breadcrumb"},"inLanguage":"en-US","potentialAction":[{"@type":"ReadAction","target":["https:\/\/n-o-s.ca\/en\/about\/"]}]},{"@type":"BreadcrumbList","@id":"https:\/\/n-o-s.ca\/en\/about\/#breadcrumb","itemListElement":[{"@type":"ListItem","position":1,"name":"Accueil","item":"https:\/\/n-o-s.ca\/en\/"},{"@type":"ListItem","position":2,"name":"About"}]},{"@type":"WebSite","@id":"https:\/\/nos.shany.ca\/#website","url":"https:\/\/nos.shany.ca\/","name":"N\u00d3S Architectes - Firme d&#039;architecture \u00e0 Montr\u00e9al","description":"","publisher":{"@id":"https:\/\/nos.shany.ca\/#organization"},"potentialAction":[{"@type":"SearchAction","target":{"@type":"EntryPoint","urlTemplate":"https:\/\/nos.shany.ca\/?s={search_term_string}"},"query-input":"required name=search_term_string"}],"inLanguage":"en-US"},{"@type":"Organization","@id":"https:\/\/nos.shany.ca\/#organization","name":"N\u00d3S Architectes - Firme d&#039;architecture \u00e0 Montr\u00e9al","url":"https:\/\/nos.shany.ca\/","logo":{"@type":"ImageObject","inLanguage":"en-US","@id":"https:\/\/nos.shany.ca\/#\/schema\/logo\/image\/","url":"https:\/\/n-o-s.ca\/wp-content\/uploads\/2021\/01\/nos-logo_black.svg","contentUrl":"https:\/\/n-o-s.ca\/wp-content\/uploads\/2021\/01\/nos-logo_black.svg","width":802,"height":422,"caption":"N\u00d3S Architectes - Firme d&#039;architecture \u00e0 Montr\u00e9al"},"image":{"@id":"https:\/\/nos.shany.ca\/#\/schema\/logo\/image\/"}}]}},"_links":{"self":[{"href":"https:\/\/n-o-s.ca\/en\/wp-json\/wp\/v2\/pages\/1882"}],"collection":[{"href":"https:\/\/n-o-s.ca\/en\/wp-json\/wp\/v2\/pages"}],"about":[{"href":"https:\/\/n-o-s.ca\/en\/wp-json\/wp\/v2\/types\/page"}],"author":[{"embeddable":true,"href":"https:\/\/n-o-s.ca\/en\/wp-json\/wp\/v2\/users\/1"}],"replies":[{"embeddable":true,"href":"https:\/\/n-o-s.ca\/en\/wp-json\/wp\/v2\/comments?post=1882"}],"version-history":[{"count":4,"href":"https:\/\/n-o-s.ca\/en\/wp-json\/wp\/v2\/pages\/1882\/revisions"}],"predecessor-version":[{"id":1955,"href":"https:\/\/n-o-s.ca\/en\/wp-json\/wp\/v2\/pages\/1882\/revisions\/1955"}],"wp:attachment":[{"href":"https:\/\/n-o-s.ca\/en\/wp-json\/wp\/v2\/media?parent=1882"}],"curies":[{"name":"wp","href":"https:\/\/api.w.org\/{rel}","templated":true}]}}