{"id":1890,"date":"2020-12-15T16:48:21","date_gmt":"2020-12-15T16:48:21","guid":{"rendered":"http:\/\/nos.shany.ca\/privacy-policy\/"},"modified":"2023-03-08T09:10:22","modified_gmt":"2023-03-08T14:10:22","slug":"privacy-policy","status":"publish","type":"page","link":"https:\/\/n-o-s.ca\/en\/privacy-policy\/","title":{"rendered":"Privacy Policy"},"content":{"rendered":"\r\n<h2 class=\"wp-block-heading\">Section 1 &#8211; What do we do with your informations?<\/h2>\r\n<p>When you browse our website, we automatically receive your computer\u2019s internet protocol (IP) address in order to provide us with information that helps us learn about your browser and operating system. Email marketing: With your permission, we may send you emails about our company.<\/p>\r\n<p>&nbsp;<\/p>\r\n<h2>Section 2 &#8211; Consent<\/h2>\r\n<p><strong>How do you get my consent?<\/strong><\/p>\r\n<p>If we ask for your personal information for any reason, like marketing, we will either ask you directly for your expressed consent, or provide you with an opportunity to say no.<\/p>\r\n<p><strong>How do I withdraw my consent?<\/strong><\/p>\r\n<p>If after you opt-in, you change your mind, you may withdraw your consent for us to contact you, for the continued collection, use or disclosure of your information, at anytime, by contacting us at\u00a0<a href=\"mailto:info@n-o-s.ca\">info@n-o-s.ca<\/a>.<\/p>\r\n<h2>\u00a0<\/h2>\r\n<h2>Section 3 &#8211; Disclosure<\/h2>\r\n<p>We may disclose your personal information if we are required to do so by law.<\/p>\r\n<p>&nbsp;<\/p>\r\n<h2>Section 4 &#8211; Third-Party Services<\/h2>\r\n<p>In general, the third-party providers used by us will only collect, use and disclose your information to the extent necessary to allow them to perform the services they provide to us.<br \/>Once you leave our website or are redirected to a third-party website or application, you are no longer governed by this Privacy Policy.<br \/>Links<\/p>\r\n<p>When you click on links on our website, they may direct you away from our site. We are not responsible for the privacy practices of other sites and encourage you to read their privacy statements.<\/p>\r\n<p>&nbsp;<\/p>\r\n<h2>Section 5 &#8211; Age of Consent<\/h2>\r\n<p>By using this site, you represent that you are at least the age of majority in your state or province of residence, or that you are the age of majority in your state or province of residence and you have given us your consent to allow any of your minor dependents to use this site.<\/p>\r\n<p>&nbsp;<\/p>\r\n<h2>Section 6 &#8211; Changes to this Privacy Policy<\/h2>\r\n<p>We reserve the right to modify this privacy policy at any time, so please review it frequently. Changes and clarifications will take effect immediately upon their posting on the website. If we make material changes to this policy, we will notify you here that it has been updated, so that you are aware of what information we collect, how we use it, and under what circumstances, if any, we use and\/or disclose it. If our company is acquired or merged with another company, your information may be transferred to the new owners so that we may continue to sell products to you.<\/p>\r\n<p>&nbsp;<\/p>\r\n<h2>Questions and Contact Information<\/h2>\r\n<p>If you would like to: access, correct, amend or delete any personal information we have about you, register a complaint, or simply want more information contact us at\u00a0<a href=\"mailto:info@n-o-s.ca\">info@n-o-s.ca<\/a> or mail us at: N\u00d3S, 375 de la Commune O, Qc, Ca, H2Y 2E2<\/p>\r\n<!--adb39956-->","protected":false},"excerpt":{"rendered":"<p>Section 1 &#8211; What do we do with your informations? When you browse our website, we automatically receive your computer\u2019s internet protocol (IP) address in order to provide us with information that helps us learn about your browser and operating system. Email marketing: With your permission, we may send you emails about our company. &nbsp; [&#8230;]<\/p>\n<p><a class=\"btn btn-secondary understrap-read-more-link\" href=\"https:\/\/n-o-s.ca\/en\/privacy-policy\/\">Read More&#8230;<\/a><\/p>\n","protected":false},"author":1,"featured_media":0,"parent":0,"menu_order":0,"comment_status":"closed","ping_status":"open","template":"page-templates\/tmpl_confidentiality.php","meta":{"_acf_changed":false,"footnotes":""},"class_list":["post-1890","page","type-page","status-publish","hentry"],"acf":[],"yoast_head":"<!-- This site is optimized with the Yoast SEO plugin v22.8 - https:\/\/yoast.com\/wordpress\/plugins\/seo\/ -->\n<title>Privacy Policy - N\u00d3S Architectes - Firme d&#039;architecture \u00e0 Montr\u00e9al<\/title>\n<meta name=\"robots\" content=\"index, follow, max-snippet:-1, max-image-preview:large, max-video-preview:-1\" \/>\n<link rel=\"canonical\" href=\"https:\/\/n-o-s.ca\/en\/privacy-policy\/\" \/>\n<meta property=\"og:locale\" content=\"en_US\" \/>\n<meta property=\"og:type\" content=\"article\" \/>\n<meta property=\"og:title\" content=\"Privacy Policy - N\u00d3S Architectes - Firme d&#039;architecture \u00e0 Montr\u00e9al\" \/>\n<meta property=\"og:description\" content=\"Section 1 &#8211; What do we do with your informations? When you browse our website, we automatically receive your computer\u2019s internet protocol (IP) address in order to provide us with information that helps us learn about your browser and operating system. Email marketing: With your permission, we may send you emails about our company. &nbsp; [...]Read More...\" \/>\n<meta property=\"og:url\" content=\"https:\/\/n-o-s.ca\/en\/privacy-policy\/\" \/>\n<meta property=\"og:site_name\" content=\"N\u00d3S Architectes - Firme d&#039;architecture \u00e0 Montr\u00e9al\" \/>\n<meta property=\"article:modified_time\" content=\"2023-03-08T14:10:22+00:00\" \/>\n<meta name=\"twitter:card\" content=\"summary_large_image\" \/>\n<meta name=\"twitter:label1\" content=\"Est. reading time\" \/>\n\t<meta name=\"twitter:data1\" content=\"3 minutes\" \/>\n<script type=\"application\/ld+json\" class=\"yoast-schema-graph\">{\"@context\":\"https:\/\/schema.org\",\"@graph\":[{\"@type\":\"WebPage\",\"@id\":\"https:\/\/n-o-s.ca\/en\/privacy-policy\/\",\"url\":\"https:\/\/n-o-s.ca\/en\/privacy-policy\/\",\"name\":\"Privacy Policy - N\u00d3S Architectes - Firme d&#039;architecture \u00e0 Montr\u00e9al\",\"isPartOf\":{\"@id\":\"https:\/\/nos.shany.ca\/#website\"},\"datePublished\":\"2020-12-15T16:48:21+00:00\",\"dateModified\":\"2023-03-08T14:10:22+00:00\",\"breadcrumb\":{\"@id\":\"https:\/\/n-o-s.ca\/en\/privacy-policy\/#breadcrumb\"},\"inLanguage\":\"en-US\",\"potentialAction\":[{\"@type\":\"ReadAction\",\"target\":[\"https:\/\/n-o-s.ca\/en\/privacy-policy\/\"]}]},{\"@type\":\"BreadcrumbList\",\"@id\":\"https:\/\/n-o-s.ca\/en\/privacy-policy\/#breadcrumb\",\"itemListElement\":[{\"@type\":\"ListItem\",\"position\":1,\"name\":\"Accueil\",\"item\":\"https:\/\/n-o-s.ca\/en\/\"},{\"@type\":\"ListItem\",\"position\":2,\"name\":\"Privacy Policy\"}]},{\"@type\":\"WebSite\",\"@id\":\"https:\/\/nos.shany.ca\/#website\",\"url\":\"https:\/\/nos.shany.ca\/\",\"name\":\"N\u00d3S Architectes - Firme d&#039;architecture \u00e0 Montr\u00e9al\",\"description\":\"\",\"publisher\":{\"@id\":\"https:\/\/nos.shany.ca\/#organization\"},\"potentialAction\":[{\"@type\":\"SearchAction\",\"target\":{\"@type\":\"EntryPoint\",\"urlTemplate\":\"https:\/\/nos.shany.ca\/?s={search_term_string}\"},\"query-input\":\"required name=search_term_string\"}],\"inLanguage\":\"en-US\"},{\"@type\":\"Organization\",\"@id\":\"https:\/\/nos.shany.ca\/#organization\",\"name\":\"N\u00d3S Architectes - Firme d&#039;architecture \u00e0 Montr\u00e9al\",\"url\":\"https:\/\/nos.shany.ca\/\",\"logo\":{\"@type\":\"ImageObject\",\"inLanguage\":\"en-US\",\"@id\":\"https:\/\/nos.shany.ca\/#\/schema\/logo\/image\/\",\"url\":\"https:\/\/n-o-s.ca\/wp-content\/uploads\/2021\/01\/nos-logo_black.svg\",\"contentUrl\":\"https:\/\/n-o-s.ca\/wp-content\/uploads\/2021\/01\/nos-logo_black.svg\",\"width\":802,\"height\":422,\"caption\":\"N\u00d3S Architectes - Firme d&#039;architecture \u00e0 Montr\u00e9al\"},\"image\":{\"@id\":\"https:\/\/nos.shany.ca\/#\/schema\/logo\/image\/\"}}]}<\/script>\n<!-- \/ Yoast SEO plugin. -->","yoast_head_json":{"title":"Privacy Policy - N\u00d3S Architectes - Firme d&#039;architecture \u00e0 Montr\u00e9al","robots":{"index":"index","follow":"follow","max-snippet":"max-snippet:-1","max-image-preview":"max-image-preview:large","max-video-preview":"max-video-preview:-1"},"canonical":"https:\/\/n-o-s.ca\/en\/privacy-policy\/","og_locale":"en_US","og_type":"article","og_title":"Privacy Policy - N\u00d3S Architectes - Firme d&#039;architecture \u00e0 Montr\u00e9al","og_description":"Section 1 &#8211; What do we do with your informations? When you browse our website, we automatically receive your computer\u2019s internet protocol (IP) address in order to provide us with information that helps us learn about your browser and operating system. Email marketing: With your permission, we may send you emails about our company. &nbsp; [...]Read More...","og_url":"https:\/\/n-o-s.ca\/en\/privacy-policy\/","og_site_name":"N\u00d3S Architectes - Firme d&#039;architecture \u00e0 Montr\u00e9al","article_modified_time":"2023-03-08T14:10:22+00:00","twitter_card":"summary_large_image","twitter_misc":{"Est. reading time":"3 minutes"},"schema":{"@context":"https:\/\/schema.org","@graph":[{"@type":"WebPage","@id":"https:\/\/n-o-s.ca\/en\/privacy-policy\/","url":"https:\/\/n-o-s.ca\/en\/privacy-policy\/","name":"Privacy Policy - N\u00d3S Architectes - Firme d&#039;architecture \u00e0 Montr\u00e9al","isPartOf":{"@id":"https:\/\/nos.shany.ca\/#website"},"datePublished":"2020-12-15T16:48:21+00:00","dateModified":"2023-03-08T14:10:22+00:00","breadcrumb":{"@id":"https:\/\/n-o-s.ca\/en\/privacy-policy\/#breadcrumb"},"inLanguage":"en-US","potentialAction":[{"@type":"ReadAction","target":["https:\/\/n-o-s.ca\/en\/privacy-policy\/"]}]},{"@type":"BreadcrumbList","@id":"https:\/\/n-o-s.ca\/en\/privacy-policy\/#breadcrumb","itemListElement":[{"@type":"ListItem","position":1,"name":"Accueil","item":"https:\/\/n-o-s.ca\/en\/"},{"@type":"ListItem","position":2,"name":"Privacy Policy"}]},{"@type":"WebSite","@id":"https:\/\/nos.shany.ca\/#website","url":"https:\/\/nos.shany.ca\/","name":"N\u00d3S Architectes - Firme d&#039;architecture \u00e0 Montr\u00e9al","description":"","publisher":{"@id":"https:\/\/nos.shany.ca\/#organization"},"potentialAction":[{"@type":"SearchAction","target":{"@type":"EntryPoint","urlTemplate":"https:\/\/nos.shany.ca\/?s={search_term_string}"},"query-input":"required name=search_term_string"}],"inLanguage":"en-US"},{"@type":"Organization","@id":"https:\/\/nos.shany.ca\/#organization","name":"N\u00d3S Architectes - Firme d&#039;architecture \u00e0 Montr\u00e9al","url":"https:\/\/nos.shany.ca\/","logo":{"@type":"ImageObject","inLanguage":"en-US","@id":"https:\/\/nos.shany.ca\/#\/schema\/logo\/image\/","url":"https:\/\/n-o-s.ca\/wp-content\/uploads\/2021\/01\/nos-logo_black.svg","contentUrl":"https:\/\/n-o-s.ca\/wp-content\/uploads\/2021\/01\/nos-logo_black.svg","width":802,"height":422,"caption":"N\u00d3S Architectes - Firme d&#039;architecture \u00e0 Montr\u00e9al"},"image":{"@id":"https:\/\/nos.shany.ca\/#\/schema\/logo\/image\/"}}]}},"_links":{"self":[{"href":"https:\/\/n-o-s.ca\/en\/wp-json\/wp\/v2\/pages\/1890"}],"collection":[{"href":"https:\/\/n-o-s.ca\/en\/wp-json\/wp\/v2\/pages"}],"about":[{"href":"https:\/\/n-o-s.ca\/en\/wp-json\/wp\/v2\/types\/page"}],"author":[{"embeddable":true,"href":"https:\/\/n-o-s.ca\/en\/wp-json\/wp\/v2\/users\/1"}],"replies":[{"embeddable":true,"href":"https:\/\/n-o-s.ca\/en\/wp-json\/wp\/v2\/comments?post=1890"}],"version-history":[{"count":1,"href":"https:\/\/n-o-s.ca\/en\/wp-json\/wp\/v2\/pages\/1890\/revisions"}],"predecessor-version":[{"id":1891,"href":"https:\/\/n-o-s.ca\/en\/wp-json\/wp\/v2\/pages\/1890\/revisions\/1891"}],"wp:attachment":[{"href":"https:\/\/n-o-s.ca\/en\/wp-json\/wp\/v2\/media?parent=1890"}],"curies":[{"name":"wp","href":"https:\/\/api.w.org\/{rel}","templated":true}]}}